{"id":51,"date":"2020-11-09T12:38:56","date_gmt":"2020-11-09T11:38:56","guid":{"rendered":"http:\/\/snowline.myds.me\/wordpress\/?page_id=3"},"modified":"2024-11-27T22:12:53","modified_gmt":"2024-11-27T21:12:53","slug":"politique-de-confidentialite-2","status":"publish","type":"page","link":"https:\/\/patch-s.ch\/index.php\/politique-de-confidentialite-2\/","title":{"rendered":"Politique de confidentialit\u00e9"},"content":{"rendered":"\n  \n    \n    <section class=\"u-clearfix u-custom-color-28 u-section-2\" id=\"sec-8d4f\">\n      <div class=\"u-clearfix u-sheet u-valign-middle u-sheet-1\">\n        <p class=\"u-align-center u-text u-text-custom-color-27 u-text-default u-text-1\">\n          <span style=\"font-size: 1.5rem;\"><b>Politique de confidentialit\u00e9<\/b>\n          <\/span><b><\/b>\n          <br>\n          <br><b>1. Introduction<\/b><b><\/b>\n          <br> Votre confidentialit\u00e9 est importante pour nous. Cette politique de confidentialit\u00e9 explique comment nous collectons, utilisons, partageons et prot\u00e9geons vos donn\u00e9es personnelles lorsque vous utilisez notre site web, conform\u00e9ment au RGPD.&nbsp;<br>\n          <br><b>2. Responsable du traitement des donn\u00e9es<\/b><b><\/b>\n          <br> Le responsable du traitement des donn\u00e9es est :<br><b>Nom de l\u2019entreprise &amp;&nbsp;<\/b><b><\/b><b>Adresse<\/b> : Patch's, Route des Villages 35, 1611 le Cr\u00eat<br><b>Email<\/b> : contact@patch-s.ch&nbsp;<b>T\u00e9l\u00e9phone<\/b> : +41 79 765 63 58<br>\n          <br><b>3. Donn\u00e9es personnelles collect\u00e9es<\/b><b><\/b>\n          <br> Nous collectons les donn\u00e9es suivantes :\n\t\u2022 <b>Informations fournies directement par l\u2019utilisateur<\/b> : nom, pr\u00e9nom, email, num\u00e9ro de t\u00e9l\u00e9phone (via formulaires de contact, inscriptions, etc.).\n\t\u2022 <b>Donn\u00e9es collect\u00e9es automatiquement<\/b> : adresse IP, type de navigateur, pages consult\u00e9es, dur\u00e9e de visite, etc. (via cookies ou outils d\u2019analyse).<br>\n          <br><b>4. Finalit\u00e9 du traitement<\/b><b><\/b>\n          <br> Les donn\u00e9es collect\u00e9es sont utilis\u00e9es pour :\n\t\u2022\tFournir et g\u00e9rer nos services.\n\t\u2022\tR\u00e9pondre \u00e0 vos demandes via les formulaires de contact.\n\t\u2022\tAm\u00e9liorer l\u2019exp\u00e9rience utilisateur et analyser le trafic du site.\n\t\u2022\tVous envoyer des communications commerciales (si vous y avez consenti).&nbsp;<br>\n          <br><b>5. Base l\u00e9gale du traitement<\/b><b><\/b>\n          <br> Conform\u00e9ment au RGPD, le traitement de vos donn\u00e9es repose sur les bases l\u00e9gales suivantes :\n\t\u2022 <b>Consentement<\/b> : lorsque vous acceptez explicitement le traitement (ex. : formulaire d\u2019abonnement).\n\t\u2022 <b>Int\u00e9r\u00eat l\u00e9gitime<\/b> : pour am\u00e9liorer notre site ou assurer son bon fonctionnement.\n\t\u2022 <b>Obligation l\u00e9gale<\/b> : pour respecter les lois en vigueur.&nbsp;<br>\n          <br><b>6. Partage des donn\u00e9es<\/b><b><\/b>\n          <br> Vos donn\u00e9es personnelles ne sont pas partag\u00e9es avec des tiers, sauf dans les cas suivants :\n\t\u2022\tAvec des prestataires ou partenaires contractuels n\u00e9cessaires \u00e0 la fourniture des services.\n\t\u2022\tLorsque la loi l\u2019exige ou en r\u00e9ponse \u00e0 une demande l\u00e9gale des autorit\u00e9s.&nbsp;<br>\n          <br><b>7. Conservation des donn\u00e9es<\/b><b><\/b>\n          <br> Vos donn\u00e9es personnelles sont conserv\u00e9es :\n\t\u2022\tAussi longtemps que n\u00e9cessaire pour atteindre les objectifs mentionn\u00e9s.\n\t\u2022\tSelon les obligations l\u00e9gales applicables.&nbsp;<br>\n          <br><b>8. Droits de l\u2019utilisateur<\/b><b><\/b>\n          <br> Conform\u00e9ment au RGPD, vous disposez des droits suivants :\n\t\u2022 <b>Droit d\u2019acc\u00e8s<\/b> : obtenir une copie des donn\u00e9es que nous d\u00e9tenons sur vous.\n\t\u2022 <b>Droit de rectification<\/b> : demander la correction de vos donn\u00e9es inexactes.\n\t\u2022 <b>Droit \u00e0 l\u2019effacement<\/b> : demander la suppression de vos donn\u00e9es (dans certaines conditions).\n\t\u2022 <b>Droit \u00e0 la limitation du traitement<\/b> : restreindre temporairement le traitement de vos donn\u00e9es.\n\t\u2022 <b>Droit \u00e0 la portabilit\u00e9<\/b> : recevoir vos donn\u00e9es dans un format structur\u00e9, lisible par machine.\n\t\u2022 <b>Droit d\u2019opposition<\/b> : refuser le traitement \u00e0 des fins de prospection.\n\t\u2022 <b>Droit de retrait du consentement<\/b> : \u00e0 tout moment pour les traitements bas\u00e9s sur votre consentement. <br> Pour exercer vos droits, contactez-nous \u00e0 l\u2019adresse suivante : contact@patch-s.ch.<br>\n          <br><b>9. Cookies<\/b><b><\/b>\n          <br> Nous utilisons des cookies pour am\u00e9liorer votre navigation sur notre site. Pour en savoir plus ou modifier vos pr\u00e9f\u00e9rences, consultez notre <a href=\"https:\/\/patch-s.ch\/index.php\/politique-cookies\/\" class=\"u-active-none u-border-none u-btn u-button-link u-button-style u-hover-none u-none u-text-palette-1-base u-btn-1\">Politique de cookies<\/a>.&nbsp;<br>\n          <br><b>10. S\u00e9curit\u00e9 des donn\u00e9es<\/b><b><\/b>\n          <br> Nous mettons en \u0153uvre des mesures techniques et organisationnelles appropri\u00e9es pour prot\u00e9ger vos donn\u00e9es personnelles contre tout acc\u00e8s non autoris\u00e9, perte ou alt\u00e9ration.&nbsp;<br>\n          <br><b>11. Modifications de la politique<\/b><b><\/b>\n          <br> Cette politique peut \u00eatre mise \u00e0 jour p\u00e9riodiquement.<br>Nous vous informerons de tout changement significatif via notre site web.&nbsp;<br>\n          <br>&nbsp; <b>12. Contact<\/b><b><\/b>\n          <br> Pour toute question concernant cette politique ou vos donn\u00e9es personnelles, contactez-nous \u00e0 : contact@patch-s.ch<br>\n        <\/p>\n      <\/div>\n    <\/section>\n    \n    \n    \n    \n  \n","protected":false},"excerpt":{"rendered":"<p>Politique de confidentialit\u00e9 1. Introduction Votre confidentialit\u00e9 est importante pour nous. Cette politique de confidentialit\u00e9 explique comment nous collectons, utilisons, partageons et prot\u00e9geons vos donn\u00e9es personnelles lorsque vous utilisez notre site web, conform\u00e9ment au RGPD.&nbsp; 2. Responsable du traitement des donn\u00e9es Le responsable du traitement des donn\u00e9es est :Nom de l\u2019entreprise &amp;&nbsp;Adresse : Patch&#8217;s, Route &hellip; <a href=\"https:\/\/patch-s.ch\/index.php\/politique-de-confidentialite-2\/\" class=\"more-link\">Continue reading<span class=\"screen-reader-text\"> &#8220;Politique de confidentialit\u00e9&#8221;<\/span><\/a><\/p>\n","protected":false},"author":1,"featured_media":0,"parent":0,"menu_order":0,"comment_status":"closed","ping_status":"open","template":"","meta":{"om_disable_all_campaigns":false,"_monsterinsights_skip_tracking":false,"_monsterinsights_sitenote_active":false,"_monsterinsights_sitenote_note":"","_monsterinsights_sitenote_category":0,"footnotes":""},"class_list":["post-51","page","type-page","status-publish","hentry"],"_links":{"self":[{"href":"https:\/\/patch-s.ch\/index.php\/wp-json\/wp\/v2\/pages\/51","targetHints":{"allow":["GET"]}}],"collection":[{"href":"https:\/\/patch-s.ch\/index.php\/wp-json\/wp\/v2\/pages"}],"about":[{"href":"https:\/\/patch-s.ch\/index.php\/wp-json\/wp\/v2\/types\/page"}],"author":[{"embeddable":true,"href":"https:\/\/patch-s.ch\/index.php\/wp-json\/wp\/v2\/users\/1"}],"replies":[{"embeddable":true,"href":"https:\/\/patch-s.ch\/index.php\/wp-json\/wp\/v2\/comments?post=51"}],"version-history":[{"count":0,"href":"https:\/\/patch-s.ch\/index.php\/wp-json\/wp\/v2\/pages\/51\/revisions"}],"wp:attachment":[{"href":"https:\/\/patch-s.ch\/index.php\/wp-json\/wp\/v2\/media?parent=51"}],"curies":[{"name":"wp","href":"https:\/\/api.w.org\/{rel}","templated":true}]}}