{"id":1213,"date":"2024-11-27T22:06:22","date_gmt":"2024-11-27T21:06:22","guid":{"rendered":"https:\/\/patch-s.ch\/?page_id=1213"},"modified":"2024-11-28T06:15:47","modified_gmt":"2024-11-28T05:15:47","slug":"politique-cookies","status":"publish","type":"page","link":"https:\/\/patch-s.ch\/index.php\/politique-cookies\/","title":{"rendered":"Politique Cookies"},"content":{"rendered":"\n  \n    \n    <section class=\"u-clearfix u-custom-color-28 u-section-2\" id=\"sec-d9d2\">\n      <div class=\"u-clearfix u-sheet u-valign-middle-xs u-sheet-1\">\n        <p class=\"u-align-center u-text u-text-custom-color-27 u-text-default u-text-1\">\n          <span style=\"font-size: 1.5rem;\"><b>Politique de Cookies<\/b>\n          <\/span><b><\/b>\n          <br>\n          <br><b>1. Introduction<\/b><b><\/b>\n          <br> Lorsque vous visitez notre site web, des cookies et technologies similaires sont utilis\u00e9s pour garantir son bon fonctionnement, personnaliser votre exp\u00e9rience, analyser le trafic et, le cas \u00e9ch\u00e9ant, afficher des publicit\u00e9s adapt\u00e9es \u00e0 vos int\u00e9r\u00eats. Cette politique explique ce que sont les cookies, comment nous les utilisons et comment vous pouvez g\u00e9rer vos pr\u00e9f\u00e9rences.&nbsp;<br>\n          <br><b>2. Qu\u2019est-ce qu\u2019un cookie ?<\/b><b><\/b>\n          <br> Un cookie est un petit fichier texte stock\u00e9 sur votre appareil (ordinateur, smartphone ou tablette) lorsque vous visitez un site web. Les cookies permettent au site de reconna\u00eetre votre appareil et de m\u00e9moriser certaines informations, telles que vos pr\u00e9f\u00e9rences ou vos actions pass\u00e9es.<br>\n          <br><b>3. Types de cookies que nous utilisons<\/b><b><\/b>\n          <br> Nous utilisons les types de cookies suivants : 1. <b>Cookies essentiels<\/b><b><\/b> Ces cookies sont n\u00e9cessaires au bon fonctionnement du site (ex. : navigation, acc\u00e8s s\u00e9curis\u00e9). Ils ne peuvent pas \u00eatre d\u00e9sactiv\u00e9s. 2. <b>Cookies fonctionnels<\/b><b><\/b> Ces cookies permettent de m\u00e9moriser vos choix (langue, r\u00e9gion, etc.) afin d\u2019am\u00e9liorer votre exp\u00e9rience utilisateur. 3. <b>Cookies analytiques<\/b><b><\/b> Ces cookies collectent des informations sur la mani\u00e8re dont les utilisateurs interagissent avec notre site (ex. : pages les plus visit\u00e9es, erreurs rencontr\u00e9es) afin d\u2019am\u00e9liorer ses performances. 4. <b>Cookies tiers<\/b><b><\/b> Ces cookies proviennent de services externes (ex. : outils d\u2019analyse, r\u00e9seaux sociaux, plateformes publicitaires) int\u00e9gr\u00e9s \u00e0 notre site.&nbsp;&nbsp;<br>\n          <br><b>4. Comment d\u00e9sactiver les cookies ?<\/b><b><\/b>\n          <br> Vous pouvez g\u00e9rer ou supprimer les cookies via les param\u00e8tres de votre navigateur :&nbsp; <br>\u2022 <b>Google Chrome<\/b> : <a href=\"https:\/\/support.google.com\/chrome\/answer\/95647\" class=\"u-active-none u-border-none u-btn u-button-style u-hover-none u-none u-text-palette-1-base u-btn-1\" target=\"_blank\" rel=\"noopener\">https:\/\/support.google.com\/chrome\/answer\/95647<\/a>\n          <br>\u2022 <b>Mozilla Firefox<\/b> : <a href=\"https:\/\/support.mozilla.org\/fr\/kb\/effacer-les-cookies-pour-supprimer-les-informations\" class=\"u-active-none u-border-none u-btn u-button-style u-hover-none u-none u-text-palette-1-base u-btn-2\" target=\"_blank\" rel=\"noopener\">https:\/\/support.mozilla.org\/fr\/kb\/effacer-les-cookies-pour-supprimer-les-informations<\/a>\n          <br>\u2022 <b>Safari<\/b> : <a href=\"https:\/\/support.apple.com\/fr-fr\/guide\/safari\/sfri11471\/mac\" class=\"u-active-none u-border-none u-btn u-button-style u-hover-none u-none u-text-palette-1-base u-btn-3\" target=\"_blank\" rel=\"noopener\">https:\/\/support.apple.com\/fr-fr\/guide\/safari\/sfri11471\/mac<\/a>\n          <br>\u2022 <b>Microsoft Edge<\/b> :&nbsp;&nbsp;<a href=\"https:\/\/support.microsoft.com\/fr-fr\/microsoft-edge\/supprimer-les-cookies-dans-microsoft-edge-63947406-40ac-c3b8-57b9-2a946a29ae09\" class=\"u-active-none u-border-none u-btn u-button-style u-hover-none u-none u-text-palette-1-base u-btn-4\" target=\"_blank\" rel=\"noopener\">https:\/\/support.microsoft.com\/fr-fr\/microsoft-edge\/supprimer-les-cookies-dans-microsoft-edge-63947406-40ac-c3b8-57b9-2a946a29ae09<\/a>\n          <br>\n          <br>&nbsp;Notez que d\u00e9sactiver certains cookies peut affecter le fonctionnement du site.&nbsp;<br>\n          <br><b>5. Conservation des cookies<\/b><b><\/b>\n          <br> Les cookies sont conserv\u00e9s pour une dur\u00e9e limit\u00e9e, en fonction de leur type :\n\t\u2022 <b>Cookies de session<\/b> : supprim\u00e9s lorsque vous fermez votre navigateur.\n\t\u2022 <b>Cookies persistants<\/b> : conserv\u00e9s jusqu\u2019\u00e0 leur expiration ou suppression manuelle.<br>\n          <br><b>6. Mise \u00e0 jour de la politique<\/b><b><\/b>\n          <br> Cette politique peut \u00eatre mise \u00e0 jour pour refl\u00e9ter des changements dans l\u2019utilisation des cookies ou pour se conformer \u00e0 la r\u00e9glementation en vigueur. La date de derni\u00e8re mise \u00e0 jour est indiqu\u00e9e en bas de cette page.&nbsp;<br>\n          <br><b>7. Contact<\/b><b><\/b>\n          <br> Pour toute question relative \u00e0 cette politique, veuillez nous contacter \u00e0 : contact@patch-s.ch<br>\n          <br><b>Derni\u00e8re mise \u00e0 jour : 23 novembre 2024.<\/b>\n          <br>\n        <\/p>\n      <\/div>\n    <\/section>\n    \n    \n    \n    \n  \n","protected":false},"excerpt":{"rendered":"<p>Politique de Cookies 1. Introduction Lorsque vous visitez notre site web, des cookies et technologies similaires sont utilis\u00e9s pour garantir son bon fonctionnement, personnaliser votre exp\u00e9rience, analyser le trafic et, le cas \u00e9ch\u00e9ant, afficher des publicit\u00e9s adapt\u00e9es \u00e0 vos int\u00e9r\u00eats. Cette politique explique ce que sont les cookies, comment nous les utilisons et comment vous &hellip; <a href=\"https:\/\/patch-s.ch\/index.php\/politique-cookies\/\" class=\"more-link\">Continue reading<span class=\"screen-reader-text\"> &#8220;Politique Cookies&#8221;<\/span><\/a><\/p>\n","protected":false},"author":1,"featured_media":0,"parent":0,"menu_order":0,"comment_status":"closed","ping_status":"closed","template":"","meta":{"om_disable_all_campaigns":false,"_monsterinsights_skip_tracking":false,"_monsterinsights_sitenote_active":false,"_monsterinsights_sitenote_note":"","_monsterinsights_sitenote_category":0,"footnotes":""},"class_list":["post-1213","page","type-page","status-publish","hentry"],"_links":{"self":[{"href":"https:\/\/patch-s.ch\/index.php\/wp-json\/wp\/v2\/pages\/1213","targetHints":{"allow":["GET"]}}],"collection":[{"href":"https:\/\/patch-s.ch\/index.php\/wp-json\/wp\/v2\/pages"}],"about":[{"href":"https:\/\/patch-s.ch\/index.php\/wp-json\/wp\/v2\/types\/page"}],"author":[{"embeddable":true,"href":"https:\/\/patch-s.ch\/index.php\/wp-json\/wp\/v2\/users\/1"}],"replies":[{"embeddable":true,"href":"https:\/\/patch-s.ch\/index.php\/wp-json\/wp\/v2\/comments?post=1213"}],"version-history":[{"count":0,"href":"https:\/\/patch-s.ch\/index.php\/wp-json\/wp\/v2\/pages\/1213\/revisions"}],"wp:attachment":[{"href":"https:\/\/patch-s.ch\/index.php\/wp-json\/wp\/v2\/media?parent=1213"}],"curies":[{"name":"wp","href":"https:\/\/api.w.org\/{rel}","templated":true}]}}